{"id":125,"date":"2016-09-16T12:31:02","date_gmt":"2016-09-16T12:31:02","guid":{"rendered":"http:\/\/disseny.recursos.uoc.edu\/recursos\/dd\/?page_id=125"},"modified":"2016-09-27T08:48:02","modified_gmt":"2016-09-27T08:48:02","slug":"1-introduccion-3-2","status":"publish","type":"page","link":"http:\/\/disseny.recursos.uoc.edu\/recursos\/dd\/1-introduccion-3-2\/","title":{"rendered":"1. Introducci\u00f3n"},"content":{"rendered":"<p><\/p>\n<h3><strong>1.3. Materiales para el dibujo<\/strong><\/h3>\n<h3><strong>1.3.2. Otros materiales y t\u00e9cnicas<\/strong><\/h3>\n<p>En cuanto a gustos personales, todos desarrollamos preferencias por un material u otro, pero eso no deber\u00eda detenernos a la hora de probar materiales nuevos y experimentar con instrumentos o t\u00e9cnicas desconocidas o que en principio no nos resultan afines.<\/p>\n<p>A continuaci\u00f3n, hablaremos de algunos materiales alternativos y de las t\u00e9cnicas mixtas y experimentales.<\/p>\n<p>&nbsp;<\/p>\n<h4><strong>Materiales alternativos<\/strong><\/h4>\n<p>Como hemos mencionado, existe una larga lista de materiales \u00abtradicionales\u00bb, y tambi\u00e9n hemos dicho que es importante conocerlos y dominarlos lo mejor posible para aumentar nuestras capacidades expresivas.<\/p>\n<p>De todas formas, para matizar este punto de vista, diremos que tambi\u00e9n es recomendable experimentar con materiales alternativos. Obviamente, un material alternativo es todo aquel que se contrapone con los materiales utilizados com\u00fanmente. Para resumir, podr\u00edamos decir que los materiales alternativos son aquellos que encontramos o bien fabricamos nosotros mismos (como ejemplo de material encontrado, podemos pensar en una rama que recogimos en un paseo por el bosque, y, en relaci\u00f3n con materiales fabricados, podr\u00edamos mencionar un trozo de ca\u00f1a que cortamos nosotros mismos), o aquellos que, inicialmente, no fueron dise\u00f1ados como materiales art\u00edsticos (por ejemplo, un bol\u00edgrafo Bic o un rotulador pensado para trabajo de oficina).<\/p>\n<p>Cuando hablamos de dominar, nos referimos a tener control sobre el material y no que el material nos controle a nosotros. En la pr\u00e1ctica profesional, a la hora de recibir un encargo con una fecha de entrega clara, no solemos tener tiempo de estar experimentando (tengamos en cuenta que, generalmente, los encargos profesionales son \u00abpara ayer\u00bb, o eso es lo que suelen decir los clientes cuando les preguntamos para cu\u00e1ndo necesitan lo que nos est\u00e1n encargando); por eso, lo mejor es usar los materiales que conocemos. Evidentemente existen excepciones a esta regla pero, desde nuestro punto de vista, es mejor guardarse los experimentos para uno mismo, y solo cuando uno est\u00e1 bien seguro de controlar un material o una t\u00e9cnica, podremos ofrecerlo como parte de nuestro repertorio profesional.<\/p>\n<p><img loading=\"lazy\" class=\"alignnone size-full wp-image-68 img-responsive\" src=\"http:\/\/disseny.recursos.uoc.edu\/recursos\/dd\/wp-content\/uploads\/sites\/17\/2016\/09\/20023_m1_40.png\" alt=\"20023_m1_40\" width=\"640\" height=\"390\" srcset=\"http:\/\/disseny.recursos.uoc.edu\/recursos\/dd\/wp-content\/uploads\/sites\/17\/2016\/09\/20023_m1_40.png 640w, http:\/\/disseny.recursos.uoc.edu\/recursos\/dd\/wp-content\/uploads\/sites\/17\/2016\/09\/20023_m1_40-300x183.png 300w, http:\/\/disseny.recursos.uoc.edu\/recursos\/dd\/wp-content\/uploads\/sites\/17\/2016\/09\/20023_m1_40-360x220.png 360w\" sizes=\"(max-width: 640px) 100vw, 640px\" \/><\/p>\n<div id=\"attachment_69\" style=\"width: 650px\" class=\"wp-caption alignnone\"><img aria-describedby=\"caption-attachment-69\" loading=\"lazy\" class=\"size-full wp-image-69 img-responsive\" src=\"http:\/\/disseny.recursos.uoc.edu\/recursos\/dd\/wp-content\/uploads\/sites\/17\/2016\/09\/20023_m1_41.png\" alt=\"Figuras 40 y 41. Peque\u00f1as ramas como material alternativo y los resultados de su uso.\" width=\"640\" height=\"445\" srcset=\"http:\/\/disseny.recursos.uoc.edu\/recursos\/dd\/wp-content\/uploads\/sites\/17\/2016\/09\/20023_m1_41.png 640w, http:\/\/disseny.recursos.uoc.edu\/recursos\/dd\/wp-content\/uploads\/sites\/17\/2016\/09\/20023_m1_41-300x209.png 300w\" sizes=\"(max-width: 640px) 100vw, 640px\" \/><p id=\"caption-attachment-69\" class=\"wp-caption-text\">Figuras 40 y 41. Peque\u00f1as ramas como material alternativo y los resultados de su uso.<\/p><\/div>\n<p><img loading=\"lazy\" class=\"alignnone size-full wp-image-70 img-responsive\" src=\"http:\/\/disseny.recursos.uoc.edu\/recursos\/dd\/wp-content\/uploads\/sites\/17\/2016\/09\/20023_m1_42.png\" alt=\"20023_m1_42\" width=\"640\" height=\"386\" srcset=\"http:\/\/disseny.recursos.uoc.edu\/recursos\/dd\/wp-content\/uploads\/sites\/17\/2016\/09\/20023_m1_42.png 640w, http:\/\/disseny.recursos.uoc.edu\/recursos\/dd\/wp-content\/uploads\/sites\/17\/2016\/09\/20023_m1_42-300x181.png 300w\" sizes=\"(max-width: 640px) 100vw, 640px\" \/><\/p>\n<div id=\"attachment_71\" style=\"width: 650px\" class=\"wp-caption alignnone\"><img aria-describedby=\"caption-attachment-71\" loading=\"lazy\" class=\"size-full wp-image-71 img-responsive\" src=\"http:\/\/disseny.recursos.uoc.edu\/recursos\/dd\/wp-content\/uploads\/sites\/17\/2016\/09\/20023_m1_43.png\" alt=\"Figuras 42 y 43. Posibles materiales alternativos: f\u00f3sforo; pajilla; rama; cepillo de dientes.\" width=\"640\" height=\"354\" srcset=\"http:\/\/disseny.recursos.uoc.edu\/recursos\/dd\/wp-content\/uploads\/sites\/17\/2016\/09\/20023_m1_43.png 640w, http:\/\/disseny.recursos.uoc.edu\/recursos\/dd\/wp-content\/uploads\/sites\/17\/2016\/09\/20023_m1_43-300x166.png 300w\" sizes=\"(max-width: 640px) 100vw, 640px\" \/><p id=\"caption-attachment-71\" class=\"wp-caption-text\">Figuras 42 y 43. Posibles materiales alternativos: f\u00f3sforo; pajilla; rama; cepillo de dientes.<\/p><\/div>\n<p>&nbsp;<\/p>\n<h4><strong>T\u00e9cnicas mixtas<\/strong><\/h4>\n<p>Si bien, de momento, solo nos hemos referido a los materiales, quiz\u00e1s sea importante mencionar que muchos de ellos implican una t\u00e9cnica; de esa manera podemos hablar de la t\u00e9cnica del carboncillo, la del grafito, etc.<\/p>\n<p>Cuando hablamos de t\u00e9cnica, hablamos de los pasos que seguimos a la hora de hacer servir un material.<\/p>\n<p>Lo que es importante tener en cuenta es que toda t\u00e9cnica puede combinarse con otra; aun cuando los resultados no sean los deseados, vale la pena experimentar, equivocarse, aprender y siempre volver a experimentar. Por ejemplo, uno podr\u00eda guardar los f\u00f3sforos usados y usarlos para pasar a tinta, es decir, combinando un material encontrado con la t\u00e9cnica tradicional de la pluma\/pincel y tinta china. Si queremos darle otra vuelta de tuerca al asunto, podr\u00edamos cortar la punta de los f\u00f3sforos de diversas maneras y experimentar con los resultados. De esa forma estar\u00edamos combinando un material encontrado-fabricado con una t\u00e9cnica tradicional. Inicialmente, los resultados de estos experimentos suelen presentar un cierto patr\u00f3n: al usar materiales de este tipo, o al combinarlos de maneras alternativas, existe una p\u00e9rdida de control. Pero, aunque parezca una contradicci\u00f3n, por esa misma raz\u00f3n ese tipo de materiales son los preferidos de muchos artistas que, cansados de los resultados conocidos, buscan motivaci\u00f3n en el uso de materiales imprevisibles. Quiz\u00e1s, precisamente eso es lo que haga que nos devuelvan a un estado casi l\u00fadico: al no ser capaces de predecir los resultados de nuestro trabajo, nos llenamos de una expectaci\u00f3n y un entusiasmo que son propios del mundo de los juegos.<\/p>\n<p>&nbsp;<\/p>","protected":false},"excerpt":{"rendered":"<p>1.3. Materiales para el dibujo 1.3.2. Otros materiales y t\u00e9cnicas En cuanto a gustos personales, todos desarrollamos preferencias por un material u otro, pero eso no deber\u00eda detenernos a la hora de probar materiales nuevos y experimentar con instrumentos o t\u00e9cnicas desconocidas o que en principio no nos resultan afines. A continuaci\u00f3n, hablaremos de algunos [&hellip;]<\/p>\n","protected":false},"author":1,"featured_media":0,"parent":0,"menu_order":0,"comment_status":"closed","ping_status":"closed","template":"","meta":[],"acf":[],"_links":{"self":[{"href":"http:\/\/disseny.recursos.uoc.edu\/recursos\/dd\/wp-json\/wp\/v2\/pages\/125"}],"collection":[{"href":"http:\/\/disseny.recursos.uoc.edu\/recursos\/dd\/wp-json\/wp\/v2\/pages"}],"about":[{"href":"http:\/\/disseny.recursos.uoc.edu\/recursos\/dd\/wp-json\/wp\/v2\/types\/page"}],"author":[{"embeddable":true,"href":"http:\/\/disseny.recursos.uoc.edu\/recursos\/dd\/wp-json\/wp\/v2\/users\/1"}],"replies":[{"embeddable":true,"href":"http:\/\/disseny.recursos.uoc.edu\/recursos\/dd\/wp-json\/wp\/v2\/comments?post=125"}],"version-history":[{"count":11,"href":"http:\/\/disseny.recursos.uoc.edu\/recursos\/dd\/wp-json\/wp\/v2\/pages\/125\/revisions"}],"predecessor-version":[{"id":509,"href":"http:\/\/disseny.recursos.uoc.edu\/recursos\/dd\/wp-json\/wp\/v2\/pages\/125\/revisions\/509"}],"wp:attachment":[{"href":"http:\/\/disseny.recursos.uoc.edu\/recursos\/dd\/wp-json\/wp\/v2\/media?parent=125"}],"curies":[{"name":"wp","href":"https:\/\/api.w.org\/{rel}","templated":true}]}}