{"id":295,"date":"2016-09-20T12:20:05","date_gmt":"2016-09-20T12:20:05","guid":{"rendered":"http:\/\/disseny.recursos.uoc.edu\/recursos\/dd\/?page_id=295"},"modified":"2017-01-31T10:08:43","modified_gmt":"2017-01-31T10:08:43","slug":"5-casos-transformadores-5","status":"publish","type":"page","link":"http:\/\/disseny.recursos.uoc.edu\/recursos\/dd\/ca\/5-casos-transformadores-5\/","title":{"rendered":"5. Casos transformadors"},"content":{"rendered":"<p><\/p>\n<h3><strong>5.5. <\/strong><strong>BLU<\/strong><\/h3>\n<p>Les fotografies que es presenten a continuaci\u00f3 es van fer en el <a href=\"http:\/\/www.pacmilano.it\/\" target=\"_blank\">PAC de Mil\u00e0<\/a>, les parets del qual van ser pintades per BLU el 2007. S\u2019hi veu una muntanya de coca\u00efna que representa el d\u00e9u del m\u00f3n (coronant la c\u00faspide de la pir\u00e0mide veiem el s\u00edmbol de la Trinitat o l\u2019Ull que tot ho veu). Unes quantes de les persones representades es troben en un estat de submissi\u00f3 (la seva actitud \u00e9s comparable a la de la genuflexi\u00f3), si b\u00e9 l\u2019obra podria tenir m\u00faltiples lectures \u2014de fet, en l\u2019\u00e0mbit sem\u00e0ntic, \u00e9s una de les m\u00e9s complexes fetes per l\u2019artista. Tamb\u00e9 \u00e9s interessant el detall dels bra\u00e7alets d\u2019alguns dels personatges, que presenten una esv\u00e0stica, o el s\u00edmbol de les SS (la doble Runa Sigel), o b\u00e9 aquest s\u00edmbol transformat en $$ (el s\u00edmbol del d\u00f2lar o els diners en general).<\/p>\n<p><img loading=\"lazy\" class=\"alignnone size-full wp-image-227 img-responsive\" src=\"http:\/\/disseny.recursos.uoc.edu\/recursos\/dd\/wp-content\/uploads\/sites\/17\/2016\/09\/20023_m5_01.png\" alt=\"Fig. 1\" width=\"640\" height=\"426\" srcset=\"http:\/\/disseny.recursos.uoc.edu\/recursos\/dd\/wp-content\/uploads\/sites\/17\/2016\/09\/20023_m5_01.png 640w, http:\/\/disseny.recursos.uoc.edu\/recursos\/dd\/wp-content\/uploads\/sites\/17\/2016\/09\/20023_m5_01-300x200.png 300w\" sizes=\"(max-width: 640px) 100vw, 640px\" \/><\/p>\n<p><img loading=\"lazy\" class=\"alignnone size-full wp-image-229 img-responsive\" src=\"http:\/\/disseny.recursos.uoc.edu\/recursos\/dd\/wp-content\/uploads\/sites\/17\/2016\/09\/20023_m5_02.png\" alt=\"Fig. 2\" width=\"640\" height=\"426\" srcset=\"http:\/\/disseny.recursos.uoc.edu\/recursos\/dd\/wp-content\/uploads\/sites\/17\/2016\/09\/20023_m5_02.png 640w, http:\/\/disseny.recursos.uoc.edu\/recursos\/dd\/wp-content\/uploads\/sites\/17\/2016\/09\/20023_m5_02-300x200.png 300w\" sizes=\"(max-width: 640px) 100vw, 640px\" \/><\/p>\n<div id=\"attachment_230\" style=\"width: 650px\" class=\"wp-caption alignnone\"><img aria-describedby=\"caption-attachment-230\" loading=\"lazy\" class=\"img-responsive wp-image-230 size-full\" src=\"http:\/\/disseny.recursos.uoc.edu\/recursos\/dd\/wp-content\/uploads\/sites\/17\/2016\/09\/20023_m5_03.png\" alt=\"Figuras 1, 2 y 3. Paredes del PAC de Mil\u00e1n pintadas por Blu (2007). Fotograf\u00edas realizadas por el autor.\" width=\"640\" height=\"426\" srcset=\"http:\/\/disseny.recursos.uoc.edu\/recursos\/dd\/wp-content\/uploads\/sites\/17\/2016\/09\/20023_m5_03.png 640w, http:\/\/disseny.recursos.uoc.edu\/recursos\/dd\/wp-content\/uploads\/sites\/17\/2016\/09\/20023_m5_03-300x200.png 300w\" sizes=\"(max-width: 640px) 100vw, 640px\" \/><p id=\"caption-attachment-230\" class=\"wp-caption-text\">Figures 1, 2 i 3. Parets del PAC de Mil\u00e0 pintades per BLU (2007). Fotografies fetes per l&#8217;autor.<\/p><\/div>\n<p>&nbsp;<\/p>\n<h4><strong>Conclusions<\/strong><\/h4>\n<p>\u00c9s dif\u00edcil trobar un patr\u00f3 en obres tan diverses com les esmentades, potser ni tan sols \u00e9s necessari, per\u00f2 segurament s\u00ed que podem trobar alguns elements comuns que ens poden ajudar a detectar i treballar amb aquesta voluntat transformadora del dibuix.<\/p>\n<p>Els exemples esmentats tenen una <strong>forta c\u00e0rrega de cr\u00edtica social<\/strong>. Conviden a la reflexi\u00f3 plasmant gr\u00e0ficament conceptes pol\u00e8mics, no normatius, subversius o no hegem\u00f2nics.<\/p>\n<p>Parteixen de <strong>discursos propis amb els quals es mant\u00e9 una intensa relaci\u00f3 emocional<\/strong>. Els artistes esmentats diuen all\u00f2 que nom\u00e9s ells poden dir: el seu discurs \u00e9s personal (tant visual com narratiu) i propi, amb la qual cosa mantenen un vincle emocional que es traspassa al dibuix. Dit d\u2019una altra manera: no parlen amb altres veus, no busquen ser altres, sin\u00f3 que s\u00f3n ells mateixos.<\/p>\n<p>Finalment, hi ha un <strong>fort treball amb les narratives<\/strong>. Poden ser generades pel mateix artista o treballant amb un autor el discurs del qual ens resulti af\u00ed. Les narratives permeten que el lector pugui seguir el treball, per\u00f2, a m\u00e9s, tenen un benefici addicional: pel que sembla, els nostres cervells estan preparats per a retenir hist\u00f2ries, i per aquesta ra\u00f3, si posem el dibuix al servei d\u2019una narrativa (la que sigui: literal o conceptual), ens assegurarem que el nostre missatge sigui retingut pels nostres lectors\/espectadors durant molt m\u00e9s temps.<\/p>\n<p>Els exemples que hem vist il\u00b7lustren i inspiren l\u2019\u00fas del dibuix amb una voluntat transformadora en el camp de l\u2019art i la il\u00b7lustraci\u00f3, per\u00f2 tamb\u00e9 \u00e9s interessant pensar en com podem fer servir el dibuix amb aquesta mateixa voluntat en processos de dissenys participatius i oberts o, fins i tot, en activitats socials m\u00e9s del dia a dia.<\/p>","protected":false},"excerpt":{"rendered":"<p>5.5. BLU Les fotografies que es presenten a continuaci\u00f3 es van fer en el PAC de Mil\u00e0, les parets del qual van ser pintades per BLU el 2007. S\u2019hi veu una muntanya de coca\u00efna que representa el d\u00e9u del m\u00f3n (coronant la c\u00faspide de la pir\u00e0mide veiem el s\u00edmbol de la Trinitat o l\u2019Ull que [&hellip;]<\/p>\n","protected":false},"author":1,"featured_media":0,"parent":0,"menu_order":0,"comment_status":"closed","ping_status":"closed","template":"","meta":[],"acf":[],"_links":{"self":[{"href":"http:\/\/disseny.recursos.uoc.edu\/recursos\/dd\/ca\/wp-json\/wp\/v2\/pages\/295"}],"collection":[{"href":"http:\/\/disseny.recursos.uoc.edu\/recursos\/dd\/ca\/wp-json\/wp\/v2\/pages"}],"about":[{"href":"http:\/\/disseny.recursos.uoc.edu\/recursos\/dd\/ca\/wp-json\/wp\/v2\/types\/page"}],"author":[{"embeddable":true,"href":"http:\/\/disseny.recursos.uoc.edu\/recursos\/dd\/ca\/wp-json\/wp\/v2\/users\/1"}],"replies":[{"embeddable":true,"href":"http:\/\/disseny.recursos.uoc.edu\/recursos\/dd\/ca\/wp-json\/wp\/v2\/comments?post=295"}],"version-history":[{"count":11,"href":"http:\/\/disseny.recursos.uoc.edu\/recursos\/dd\/ca\/wp-json\/wp\/v2\/pages\/295\/revisions"}],"predecessor-version":[{"id":596,"href":"http:\/\/disseny.recursos.uoc.edu\/recursos\/dd\/ca\/wp-json\/wp\/v2\/pages\/295\/revisions\/596"}],"wp:attachment":[{"href":"http:\/\/disseny.recursos.uoc.edu\/recursos\/dd\/ca\/wp-json\/wp\/v2\/media?parent=295"}],"curies":[{"name":"wp","href":"https:\/\/api.w.org\/{rel}","templated":true}]}}