{"id":292,"date":"2016-09-20T12:14:30","date_gmt":"2016-09-20T12:14:30","guid":{"rendered":"http:\/\/disseny.recursos.uoc.edu\/recursos\/dd\/?page_id=292"},"modified":"2016-09-29T10:49:59","modified_gmt":"2016-09-29T10:49:59","slug":"5-casos-transformadores-4","status":"publish","type":"page","link":"http:\/\/disseny.recursos.uoc.edu\/recursos\/dd\/ca\/5-casos-transformadores-4\/","title":{"rendered":"5. Casos transformadors"},"content":{"rendered":"<p><\/p>\n<h3><strong>5.4. Banksy<\/strong><\/h3>\n<p>L\u2019artista urb\u00e0 brit\u00e0nic Banksy no deixa ning\u00fa indiferent. El seu treball \u00e9s fresc i altament provocador: m\u00e9s enll\u00e0 d\u2019algunes obres que nom\u00e9s arrenquen somriures, d\u2019altres s\u00f3n realment crues i inciten a la reflexi\u00f3 i, caldria esperar-ho, al canvi.<\/p>\n<p>Algunes de les seves obres, com la substituci\u00f3 de discs de Paris Hilton per discs alterats que q\u00fcestionen el sistema, encaixarien en el que Hakim Bey anomena \u00abl\u2019art com a crim, el crim com a art\u00bb dins del concepte del \u00abterrorisme po\u00e8tic\u00bb (Bey, 1992\/1994, p\u00e0g. 12).<\/p>\n<p>El treball de Banksy, fet amb la t\u00e8cnica de l\u2019estergit, moltes vegades consisteix en un collage conceptual en el qual l\u2019artista descontextualitza personatges o objectes.<\/p>\n<p>Per exemple, <em>Feeling 5<\/em> \u00e9s un tipus de collage que descontextualitza la fotografia tristament c\u00e8lebre de Nick Ut coneguda com <em>La nena del napalm <\/em>(1972), que retrata l\u2019horror de la guerra del Vietnam mitjan\u00e7ant la imatge d\u2019una nena nua que corre desesperada per una carretera despr\u00e9s d\u2019un bombardeig amb napalm. La imatge es torna encara m\u00e9s c\u00e0ustica en el moment en qu\u00e8 el grafiter la fa c\u00f3rrer de la m\u00e0 del ratol\u00ed que \u00e9s el s\u00edmbol d\u2019una de les megacorporacions m\u00e9s grans i poderoses del m\u00f3n i del pallasso que representa una famosa franqu\u00edcia internacional de menjar r\u00e0pid. Aix\u00ed, un dels escenaris m\u00e9s funests de la Guerra Freda queda representat pels dos personatges-pot\u00e8ncies que caminen somrients mentre la nena \u2014que podria representar el poble oprimit\u2014 plora desconsolada. Un altre detall interessant, potser un producte de l\u2019atzar en recontextualitzar les imatges, \u00e9s que la nena corre mentre els amigables monstres caminen. Si observem amb atenci\u00f3 la forma amb qu\u00e8 el ratol\u00ed i el pallasso l\u2019agafen del bra\u00e7, veurem que la nena va amb ells en contra de la seva voluntat; aix\u00ed, la imatge revela una forma de violaci\u00f3 en la qual els poderosos oprimeixen els febles i innocents (connotat per la nuesa i la inf\u00e0ncia).<\/p>\n<p>Aqu\u00ed pots trobar algunes de les imatges m\u00e9s emblem\u00e0tiques del treball de Banksy: <a href=\"http:\/\/www.lifehack.org\/articles\/communication\/15-life-lessons-from-banksy-street-art-that-will-leave-you-lost-for-words.html\" target=\"_blank\">http:\/\/www.lifehack.org\/articles\/communication\/15-life-lessons-from-banksy-street-art-that-will-leave-you-lost-for-words.html<\/a><\/p>","protected":false},"excerpt":{"rendered":"<p>5.4. Banksy L\u2019artista urb\u00e0 brit\u00e0nic Banksy no deixa ning\u00fa indiferent. El seu treball \u00e9s fresc i altament provocador: m\u00e9s enll\u00e0 d\u2019algunes obres que nom\u00e9s arrenquen somriures, d\u2019altres s\u00f3n realment crues i inciten a la reflexi\u00f3 i, caldria esperar-ho, al canvi. Algunes de les seves obres, com la substituci\u00f3 de discs de Paris Hilton per discs [&hellip;]<\/p>\n","protected":false},"author":1,"featured_media":0,"parent":0,"menu_order":0,"comment_status":"closed","ping_status":"closed","template":"","meta":[],"acf":[],"_links":{"self":[{"href":"http:\/\/disseny.recursos.uoc.edu\/recursos\/dd\/ca\/wp-json\/wp\/v2\/pages\/292"}],"collection":[{"href":"http:\/\/disseny.recursos.uoc.edu\/recursos\/dd\/ca\/wp-json\/wp\/v2\/pages"}],"about":[{"href":"http:\/\/disseny.recursos.uoc.edu\/recursos\/dd\/ca\/wp-json\/wp\/v2\/types\/page"}],"author":[{"embeddable":true,"href":"http:\/\/disseny.recursos.uoc.edu\/recursos\/dd\/ca\/wp-json\/wp\/v2\/users\/1"}],"replies":[{"embeddable":true,"href":"http:\/\/disseny.recursos.uoc.edu\/recursos\/dd\/ca\/wp-json\/wp\/v2\/comments?post=292"}],"version-history":[{"count":5,"href":"http:\/\/disseny.recursos.uoc.edu\/recursos\/dd\/ca\/wp-json\/wp\/v2\/pages\/292\/revisions"}],"predecessor-version":[{"id":586,"href":"http:\/\/disseny.recursos.uoc.edu\/recursos\/dd\/ca\/wp-json\/wp\/v2\/pages\/292\/revisions\/586"}],"wp:attachment":[{"href":"http:\/\/disseny.recursos.uoc.edu\/recursos\/dd\/ca\/wp-json\/wp\/v2\/media?parent=292"}],"curies":[{"name":"wp","href":"https:\/\/api.w.org\/{rel}","templated":true}]}}