{"id":290,"date":"2016-09-20T12:12:49","date_gmt":"2016-09-20T12:12:49","guid":{"rendered":"http:\/\/disseny.recursos.uoc.edu\/recursos\/dd\/?page_id=290"},"modified":"2016-09-29T10:48:34","modified_gmt":"2016-09-29T10:48:34","slug":"5-casos-transformadores-3","status":"publish","type":"page","link":"http:\/\/disseny.recursos.uoc.edu\/recursos\/dd\/ca\/5-casos-transformadores-3\/","title":{"rendered":"5. Casos transformadors"},"content":{"rendered":"<p><\/p>\n<h3><strong>5.3. <em>La Cenicienta que no quer\u00eda comer perdices<\/em><\/strong><\/h3>\n<p>Escrit per Nunila L\u00f3pez Salamero i il\u00b7lustrat per Myriam Cameros Sierra, <em>La Cenicienta que no queri\u0301a comer perdices<\/em> (2009) \u00e9s un genial al\u00b7legat feminista dirigit a trencar el model de la visi\u00f3 de la princesa d\u00f2cil imposada per l\u2019hegemonia de la cultura fal\u00b7loc\u00e8ntrica.<\/p>\n<p>L\u2019interessant d\u2019aquest treball \u00e9s que va circular durant molt de temps de forma viral: la gent el trobava tan innovador i rebel que va comen\u00e7ar a circular per mitj\u00e0 del correu electr\u00f2nic.<\/p>\n<p><a href=\"http:\/\/www.mujeresenred.net\/IMG\/pdf\/lacenicientaquenoqueriacomerperdices.pdf\" target=\"_blank\">http:\/\/www.mujeresenred.net\/IMG\/pdf\/lacenicientaquenoqueriacomerperdices.pdf<\/a><\/p>","protected":false},"excerpt":{"rendered":"<p>5.3. La Cenicienta que no quer\u00eda comer perdices Escrit per Nunila L\u00f3pez Salamero i il\u00b7lustrat per Myriam Cameros Sierra, La Cenicienta que no queri\u0301a comer perdices (2009) \u00e9s un genial al\u00b7legat feminista dirigit a trencar el model de la visi\u00f3 de la princesa d\u00f2cil imposada per l\u2019hegemonia de la cultura fal\u00b7loc\u00e8ntrica. L\u2019interessant d\u2019aquest treball \u00e9s [&hellip;]<\/p>\n","protected":false},"author":1,"featured_media":0,"parent":0,"menu_order":0,"comment_status":"closed","ping_status":"closed","template":"","meta":[],"acf":[],"_links":{"self":[{"href":"http:\/\/disseny.recursos.uoc.edu\/recursos\/dd\/ca\/wp-json\/wp\/v2\/pages\/290"}],"collection":[{"href":"http:\/\/disseny.recursos.uoc.edu\/recursos\/dd\/ca\/wp-json\/wp\/v2\/pages"}],"about":[{"href":"http:\/\/disseny.recursos.uoc.edu\/recursos\/dd\/ca\/wp-json\/wp\/v2\/types\/page"}],"author":[{"embeddable":true,"href":"http:\/\/disseny.recursos.uoc.edu\/recursos\/dd\/ca\/wp-json\/wp\/v2\/users\/1"}],"replies":[{"embeddable":true,"href":"http:\/\/disseny.recursos.uoc.edu\/recursos\/dd\/ca\/wp-json\/wp\/v2\/comments?post=290"}],"version-history":[{"count":5,"href":"http:\/\/disseny.recursos.uoc.edu\/recursos\/dd\/ca\/wp-json\/wp\/v2\/pages\/290\/revisions"}],"predecessor-version":[{"id":585,"href":"http:\/\/disseny.recursos.uoc.edu\/recursos\/dd\/ca\/wp-json\/wp\/v2\/pages\/290\/revisions\/585"}],"wp:attachment":[{"href":"http:\/\/disseny.recursos.uoc.edu\/recursos\/dd\/ca\/wp-json\/wp\/v2\/media?parent=290"}],"curies":[{"name":"wp","href":"https:\/\/api.w.org\/{rel}","templated":true}]}}