{"id":272,"date":"2016-09-19T15:50:29","date_gmt":"2016-09-19T15:50:29","guid":{"rendered":"http:\/\/disseny.recursos.uoc.edu\/recursos\/dd\/?page_id=272"},"modified":"2016-09-29T10:32:36","modified_gmt":"2016-09-29T10:32:36","slug":"4-pensamiento-y-visualidad-4-2","status":"publish","type":"page","link":"http:\/\/disseny.recursos.uoc.edu\/recursos\/dd\/ca\/4-pensamiento-y-visualidad-4-2\/","title":{"rendered":"4. Pensament i visualitat"},"content":{"rendered":"<p><\/p>\n<h3><strong>4.4.<\/strong> <strong>Pensar visualment<\/strong><\/h3>\n<h3><strong>4.4.2. Relatories gr\u00e0fiques<\/strong><\/h3>\n<p>Les relatories gr\u00e0fiques (en angl\u00e8s <em>graphic recording<\/em> o <em>graphic facilitation<\/em>) s\u00f3n registres d\u2019activitats com trobades, confer\u00e8ncies, seminaris, congressos, etc. en les quals una persona \u2014normalment anomenada <em>graphic recorder<\/em>\u2014 registra l\u2019esdeveniment fent servir un sistema que combina les paraules i conceptes amb les imatges.<\/p>\n<p>El <em>graphic recorder<\/em> registra els missatges m\u00e9s importants dels assistents, els conferenciants, etc. per a facilitar, gr\u00e0ficament, la comprensi\u00f3 i s\u00edntesi de les idees clau. Hi ha diverses maneres d\u2019abordar aquesta pr\u00e0ctica: algunes vegades s\u2019opta pel gran format exposat en p\u00fablic; d\u2019altres, pel treball en una llibreta i una posterior edici\u00f3 i distribuci\u00f3. Aix\u00ed mateix, cada relator gr\u00e0fic fa servir el seu propi m\u00e8tode i recursos gr\u00e0fics. Els m\u00e9s comuns s\u00f3n:<\/p>\n<ul>\n<li>Retrats m\u00e9s o menys realistes dels assistents.<\/li>\n<li>Textos destacats.<\/li>\n<li>\u00das de bafarades i altres elements propis del c\u00f2mic.<\/li>\n<li>\u00das de pictogrames o esquemes conceptuals.<\/li>\n<\/ul>\n<p>&nbsp;<\/p>\n<div id=\"attachment_207\" style=\"width: 910px\" class=\"wp-caption alignnone\"><img aria-describedby=\"caption-attachment-207\" loading=\"lazy\" class=\"size-full wp-image-207 img-responsive\" src=\"http:\/\/disseny.recursos.uoc.edu\/recursos\/dd\/wp-content\/uploads\/sites\/17\/2016\/09\/20023_m4_17.png\" alt=\"Figura 17. Relator\u00eda gr\u00e1fica de una conferencia de Chang Kim Sik (2016).\" width=\"900\" height=\"371\" srcset=\"http:\/\/disseny.recursos.uoc.edu\/recursos\/dd\/wp-content\/uploads\/sites\/17\/2016\/09\/20023_m4_17.png 900w, http:\/\/disseny.recursos.uoc.edu\/recursos\/dd\/wp-content\/uploads\/sites\/17\/2016\/09\/20023_m4_17-300x124.png 300w, http:\/\/disseny.recursos.uoc.edu\/recursos\/dd\/wp-content\/uploads\/sites\/17\/2016\/09\/20023_m4_17-768x317.png 768w\" sizes=\"(max-width: 900px) 100vw, 900px\" \/><p id=\"caption-attachment-207\" class=\"wp-caption-text\">Figura 17. Relatoria gr\u00e0fica d&#8217;una confer\u00e8ncia de Chang Kim Sik (2016).<\/p><\/div>\n<p>El que caracteritza aquesta pr\u00e0ctica \u00e9s l\u2019\u00fas del pensament visual. Rudolf Arheim \u00e9s un dels primers que parla de pensament visual o v<em>isual thinking <\/em>donant-li valor i reivindicant la percepci\u00f3 visual com una activitat cognitiva (Arheim, 1969\/1986). D\u2019altra banda, i des d\u2019una perspectiva molt m\u00e9s pragm\u00e0tica i aplicada, Dan Roam, en el seu llibre <em>Tu mundo en una servilleta<\/em>, planteja un proc\u00e9s que inclou quatre passos: mirar, veure, imaginar i, finalment, mostrar (Roam, 2009\/2010). En les seves publicacions suggereix trucs que sistematitzen l\u2019\u00fas del pensament visual, que considera una eina pr\u00e0ctica per a resoldre problemes.<\/p>\n<p>En aquest enlla\u00e7 trobareu m\u00e9s informaci\u00f3 sobre pensament visual i relatoria gr\u00e0fica: <a href=\"http:\/\/catedratelefonica.uoc.edu\/taller-dibujo-pensamiento-visual\" target=\"_blank\">http:\/\/catedratelefonica.uoc.edu\/taller-dibujo-pensamiento-visual<\/a>.<\/p>\n<p>&nbsp;<\/p>","protected":false},"excerpt":{"rendered":"<p>4.4. Pensar visualment 4.4.2. Relatories gr\u00e0fiques Les relatories gr\u00e0fiques (en angl\u00e8s graphic recording o graphic facilitation) s\u00f3n registres d\u2019activitats com trobades, confer\u00e8ncies, seminaris, congressos, etc. en les quals una persona \u2014normalment anomenada graphic recorder\u2014 registra l\u2019esdeveniment fent servir un sistema que combina les paraules i conceptes amb les imatges. El graphic recorder registra els missatges [&hellip;]<\/p>\n","protected":false},"author":1,"featured_media":0,"parent":0,"menu_order":0,"comment_status":"closed","ping_status":"closed","template":"","meta":[],"acf":[],"_links":{"self":[{"href":"http:\/\/disseny.recursos.uoc.edu\/recursos\/dd\/ca\/wp-json\/wp\/v2\/pages\/272"}],"collection":[{"href":"http:\/\/disseny.recursos.uoc.edu\/recursos\/dd\/ca\/wp-json\/wp\/v2\/pages"}],"about":[{"href":"http:\/\/disseny.recursos.uoc.edu\/recursos\/dd\/ca\/wp-json\/wp\/v2\/types\/page"}],"author":[{"embeddable":true,"href":"http:\/\/disseny.recursos.uoc.edu\/recursos\/dd\/ca\/wp-json\/wp\/v2\/users\/1"}],"replies":[{"embeddable":true,"href":"http:\/\/disseny.recursos.uoc.edu\/recursos\/dd\/ca\/wp-json\/wp\/v2\/comments?post=272"}],"version-history":[{"count":8,"href":"http:\/\/disseny.recursos.uoc.edu\/recursos\/dd\/ca\/wp-json\/wp\/v2\/pages\/272\/revisions"}],"predecessor-version":[{"id":577,"href":"http:\/\/disseny.recursos.uoc.edu\/recursos\/dd\/ca\/wp-json\/wp\/v2\/pages\/272\/revisions\/577"}],"wp:attachment":[{"href":"http:\/\/disseny.recursos.uoc.edu\/recursos\/dd\/ca\/wp-json\/wp\/v2\/media?parent=272"}],"curies":[{"name":"wp","href":"https:\/\/api.w.org\/{rel}","templated":true}]}}