{"id":259,"date":"2016-09-19T14:57:51","date_gmt":"2016-09-19T14:57:51","guid":{"rendered":"http:\/\/disseny.recursos.uoc.edu\/recursos\/dd\/?page_id=259"},"modified":"2016-09-27T10:47:22","modified_gmt":"2016-09-27T10:47:22","slug":"4-pensamiento-y-visualidad-2","status":"publish","type":"page","link":"http:\/\/disseny.recursos.uoc.edu\/recursos\/dd\/ca\/4-pensamiento-y-visualidad-2\/","title":{"rendered":"4. Pensament i visualitat"},"content":{"rendered":"<p><\/p>\n<h3><strong>4.2. Dibuixar amb els cinc sentits<\/strong><\/h3>\n<p>Estendr\u00e9 una citaci\u00f3 esmentada anteriorment, quan Nicolaides diu: \u00abAprendre a dibuixar \u00e9s, de fet, q\u00fcesti\u00f3 d\u2019aprendre a mirar \u2014a mirar correctament\u00bb, i despr\u00e9s puntualitza:<\/p>\n<div class=\"cita\">\n<p>\u00abAix\u00f2 significa molt m\u00e9s que mirar amb els ulls. El tipus de mirada al qual em refereixo \u00e9s un tipus d\u2019observaci\u00f3 que utilitza a l\u2019un\u00edson tants sentits a trav\u00e9s de l\u2019ull com sigui possible\u00bb (Nicolaides, 1941\/1990, p\u00e0g. 5).<\/p>\n<\/div>\n<p>De fet, tota l\u2019aproximaci\u00f3 de Nicolaides al dibuix pretenia acostar els altres quatre sentits al sentit de la vista. Perqu\u00e8, per a aquest autor, en lloc de veure-hi<em> amb<\/em> els ulls hi veiem <em>a trav\u00e9s<\/em> d\u2019ells, i emfatitza que no hem de confiar nom\u00e9s en els ulls perqu\u00e8 moltes vegades la vista enganya. Nicolaides insistia a dibuixar utilitzant tanta experi\u00e8ncia acumulada com fos possible, comparant tot el que un veu amb els altres quatre sentits (o\u00efda, gust, olfacte i tacte) i tamb\u00e9 amb l\u2019experi\u00e8ncia acumulada a trav\u00e9s d\u2019ells. Segons ell, fent servir aquesta experi\u00e8ncia \u00abmultisensorial\u00bb, un \u00e9s capa\u00e7 de dibuixar amb el que <em>sap<\/em> (Nicolaides, 1941\/1990, p\u00e0g. 6).<\/p>","protected":false},"excerpt":{"rendered":"<p>4.2. Dibuixar amb els cinc sentits Estendr\u00e9 una citaci\u00f3 esmentada anteriorment, quan Nicolaides diu: \u00abAprendre a dibuixar \u00e9s, de fet, q\u00fcesti\u00f3 d\u2019aprendre a mirar \u2014a mirar correctament\u00bb, i despr\u00e9s puntualitza: \u00abAix\u00f2 significa molt m\u00e9s que mirar amb els ulls. El tipus de mirada al qual em refereixo \u00e9s un tipus d\u2019observaci\u00f3 que utilitza a l\u2019un\u00edson [&hellip;]<\/p>\n","protected":false},"author":1,"featured_media":0,"parent":0,"menu_order":0,"comment_status":"closed","ping_status":"closed","template":"","meta":[],"acf":[],"_links":{"self":[{"href":"http:\/\/disseny.recursos.uoc.edu\/recursos\/dd\/ca\/wp-json\/wp\/v2\/pages\/259"}],"collection":[{"href":"http:\/\/disseny.recursos.uoc.edu\/recursos\/dd\/ca\/wp-json\/wp\/v2\/pages"}],"about":[{"href":"http:\/\/disseny.recursos.uoc.edu\/recursos\/dd\/ca\/wp-json\/wp\/v2\/types\/page"}],"author":[{"embeddable":true,"href":"http:\/\/disseny.recursos.uoc.edu\/recursos\/dd\/ca\/wp-json\/wp\/v2\/users\/1"}],"replies":[{"embeddable":true,"href":"http:\/\/disseny.recursos.uoc.edu\/recursos\/dd\/ca\/wp-json\/wp\/v2\/comments?post=259"}],"version-history":[{"count":5,"href":"http:\/\/disseny.recursos.uoc.edu\/recursos\/dd\/ca\/wp-json\/wp\/v2\/pages\/259\/revisions"}],"predecessor-version":[{"id":519,"href":"http:\/\/disseny.recursos.uoc.edu\/recursos\/dd\/ca\/wp-json\/wp\/v2\/pages\/259\/revisions\/519"}],"wp:attachment":[{"href":"http:\/\/disseny.recursos.uoc.edu\/recursos\/dd\/ca\/wp-json\/wp\/v2\/media?parent=259"}],"curies":[{"name":"wp","href":"https:\/\/api.w.org\/{rel}","templated":true}]}}