{"id":188,"date":"2016-09-19T11:26:31","date_gmt":"2016-09-19T11:26:31","guid":{"rendered":"http:\/\/disseny.recursos.uoc.edu\/recursos\/dd\/?page_id=188"},"modified":"2016-09-29T08:28:07","modified_gmt":"2016-09-29T08:28:07","slug":"2-elementos-del-dibujo-4","status":"publish","type":"page","link":"http:\/\/disseny.recursos.uoc.edu\/recursos\/dd\/ca\/2-elementos-del-dibujo-4\/","title":{"rendered":"2. Elements del dibuix"},"content":{"rendered":"<p><\/p>\n<h3><strong>2.4. Dibuix anal\u00edtic o constructiu<\/strong><\/h3>\n<p>&nbsp;<\/p>\n<h4><strong>Desconstrucci\u00f3 i construcci\u00f3<\/strong><\/h4>\n<p>Anomenem aquest sistema <em>desconstrucci\u00f3 o especejament<\/em> perqu\u00e8 separem sistemes m\u00e9s grans i complexos en parts m\u00e9s petites.<\/p>\n<p>Aquest concepte ens ajudar\u00e0 a observar les coses que ens envolten amb la intenci\u00f3 d\u2019analitzar-les.<\/p>\n<p>Quan mirem qualsevol cosa amb la intenci\u00f3 de dibuixar-la podem fer-ho observant dos tipus de l\u00ednies: 1. les <em>manifestes<\/em> i 2. les <em>inferides<\/em>.<\/p>\n<ol>\n<li>Les <em>l\u00ednies manifestes<\/em> s\u00f3n les que, com el seu nom indica, s\u00f3n f\u00e0cilment visibles. Poden ser:\n<ul>\n<li>de contorn, de tall perimetral o de silueta;<\/li>\n<li>d\u2019espacialitat o de volum;<\/li>\n<li>de separaci\u00f3 o de contrast de clarobscur (llum, ombra o color);<\/li>\n<li>de segmentaci\u00f3, tint o materialitat (per exemple, materials);<\/li>\n<li>de sobreimpressi\u00f3 (dibuixos, guarniments, lletres).<\/li>\n<\/ul>\n<\/li>\n<li>Les <em>l\u00ednies inferides <\/em>s\u00f3n un tipus de l\u00ednia que estructura les coses internament. Poden ser:\n<ul>\n<li>de generaci\u00f3;<\/li>\n<li>d&#8217;ordenament;<\/li>\n<li>d&#8217;estructura o sosteniment;<\/li>\n<li>de tensi\u00f3.<\/li>\n<\/ul>\n<\/li>\n<\/ol>\n<p>&nbsp;<\/p>\n<h4><strong>La import\u00e0ncia de l\u2019especejament per al dibuix de mem\u00f2ria i el dibuix imaginatiu<\/strong><\/h4>\n<p>No \u00e9s casual que artistes com C\u00e9zanne busquessin recrear la natura mitjan\u00e7ant la simplificaci\u00f3 de les formes en els seus equivalents geom\u00e8trics b\u00e0sics, ja que familiaritzar-se amb el m\u00e8tode d\u2019especejament ens permet construir qualsevol cosa de mem\u00f2ria i tamb\u00e9 pot arribar a ser molt \u00fatil per a dibuixar fent servir la imaginaci\u00f3 (ja que despr\u00e9s de visualitzar alguna cosa mentalment necessitarem \u00abconstruir-la\u00bb usant el sistema d\u2019especejament).<\/p>\n<div id=\"attachment_171\" style=\"width: 460px\" class=\"wp-caption alignnone\"><img aria-describedby=\"caption-attachment-171\" loading=\"lazy\" class=\"size-full wp-image-171 img-responsive\" src=\"http:\/\/disseny.recursos.uoc.edu\/recursos\/dd\/wp-content\/uploads\/sites\/17\/2016\/09\/20023_m2_31.png\" alt=\"Figura 31. Cuerpos geom\u00e9tricos b\u00e1sicos: cubo, esfera, pir\u00e1mide, cilindro y cono.\" width=\"450\" height=\"637\" srcset=\"http:\/\/disseny.recursos.uoc.edu\/recursos\/dd\/wp-content\/uploads\/sites\/17\/2016\/09\/20023_m2_31.png 450w, http:\/\/disseny.recursos.uoc.edu\/recursos\/dd\/wp-content\/uploads\/sites\/17\/2016\/09\/20023_m2_31-212x300.png 212w\" sizes=\"(max-width: 450px) 100vw, 450px\" \/><p id=\"caption-attachment-171\" class=\"wp-caption-text\">Figura 31. Cossos\u00a0geom\u00e8trics b\u00e0sics: cub, esfera, pir\u00e0mide, cilindre\u00a0i con.<\/p><\/div>\n<p>Aquest m\u00e8tode consisteix a observar dins de quins cossos geom\u00e8trics b\u00e0sics entren les coses. Per exemple, el cos geom\u00e8tric b\u00e0sic per a construir una pilota \u00e9s una esfera, per a construir una ampolla comuna usem un cilindre, etc. Com se suposa, no tot \u00e9s tan f\u00e0cil; aix\u00ed, per a dibuixar un cap usem la combinaci\u00f3 d\u2019una esfera (de la qual hem de treure una part de cada costat \u2014els costats del crani s\u00f3n aplanats) i una porci\u00f3 de cilindre per a definir la mand\u00edbula; el nas entra dins d\u2019una forma piramidal, i els ulls, dins de dues esferes petites (Loomis, 1956, p\u00e0g. 21).<\/p>\n<p>&nbsp;<\/p>\n<h4><strong>Conclusions<\/strong><\/h4>\n<p>El m\u00e8tode d\u2019especejament \u00e9s molt \u00fatil per a aprendre a observar les coses que ens envolten i, aix\u00ed, dibuixar-les de manera m\u00e9s s\u00f2lida.<\/p>\n<p>Aquest sistema anal\u00edtic tamb\u00e9 ens pot resultar \u00fatil per a aprendre a dibuixar de mem\u00f2ria i fent servir la imaginaci\u00f3, ja que \u00e9s m\u00e9s f\u00e0cil recordar cossos b\u00e0sics que no pas tots els detalls que componen la realitat.<\/p>","protected":false},"excerpt":{"rendered":"<p>2.4. Dibuix anal\u00edtic o constructiu &nbsp; Desconstrucci\u00f3 i construcci\u00f3 Anomenem aquest sistema desconstrucci\u00f3 o especejament perqu\u00e8 separem sistemes m\u00e9s grans i complexos en parts m\u00e9s petites. Aquest concepte ens ajudar\u00e0 a observar les coses que ens envolten amb la intenci\u00f3 d\u2019analitzar-les. Quan mirem qualsevol cosa amb la intenci\u00f3 de dibuixar-la podem fer-ho observant dos tipus [&hellip;]<\/p>\n","protected":false},"author":1,"featured_media":0,"parent":0,"menu_order":0,"comment_status":"closed","ping_status":"closed","template":"","meta":[],"acf":[],"_links":{"self":[{"href":"http:\/\/disseny.recursos.uoc.edu\/recursos\/dd\/ca\/wp-json\/wp\/v2\/pages\/188"}],"collection":[{"href":"http:\/\/disseny.recursos.uoc.edu\/recursos\/dd\/ca\/wp-json\/wp\/v2\/pages"}],"about":[{"href":"http:\/\/disseny.recursos.uoc.edu\/recursos\/dd\/ca\/wp-json\/wp\/v2\/types\/page"}],"author":[{"embeddable":true,"href":"http:\/\/disseny.recursos.uoc.edu\/recursos\/dd\/ca\/wp-json\/wp\/v2\/users\/1"}],"replies":[{"embeddable":true,"href":"http:\/\/disseny.recursos.uoc.edu\/recursos\/dd\/ca\/wp-json\/wp\/v2\/comments?post=188"}],"version-history":[{"count":14,"href":"http:\/\/disseny.recursos.uoc.edu\/recursos\/dd\/ca\/wp-json\/wp\/v2\/pages\/188\/revisions"}],"predecessor-version":[{"id":553,"href":"http:\/\/disseny.recursos.uoc.edu\/recursos\/dd\/ca\/wp-json\/wp\/v2\/pages\/188\/revisions\/553"}],"wp:attachment":[{"href":"http:\/\/disseny.recursos.uoc.edu\/recursos\/dd\/ca\/wp-json\/wp\/v2\/media?parent=188"}],"curies":[{"name":"wp","href":"https:\/\/api.w.org\/{rel}","templated":true}]}}